{"id":701,"date":"2017-07-22T21:47:58","date_gmt":"2017-07-22T21:47:58","guid":{"rendered":"http:\/\/www.taxiles7laux.com\/SiteTaxi7Laux\/?page_id=701"},"modified":"2025-04-17T16:59:57","modified_gmt":"2025-04-17T14:59:57","slug":"contacts-2","status":"publish","type":"page","link":"https:\/\/www.taxiles7laux.com\/?page_id=701","title":{"rendered":"Contact"},"content":{"rendered":"<div class=\"wpb-content-wrapper\"><p>[vc_row gap=\u00a0\u00bb15&Prime; equal_height=\u00a0\u00bbyes\u00a0\u00bb][vc_column][vc_empty_space height=\u00a0\u00bb64px\u00a0\u00bb][vc_row_inner equal_height=\u00a0\u00bbyes\u00a0\u00bb gap=\u00a0\u00bb30&Prime;][vc_column_inner width=\u00a0\u00bb1\/3&Prime; bg_color_select=\u00a0\u00bbgray\u00a0\u00bb css=\u00a0\u00bb.vc_custom_1500835217408{margin-right: 0px !important;margin-left: 0px !important;padding-top: 30px !important;padding-bottom: 20px !important;border-radius: 4px !important;}\u00a0\u00bb][vc_icon icon_fontawesome=\u00a0\u00bbfa fa-location-arrow\u00a0\u00bb color=\u00a0\u00bbcustom\u00a0\u00bb size=\u00a0\u00bblg\u00a0\u00bb align=\u00a0\u00bbcenter\u00a0\u00bb css=\u00a0\u00bb.vc_custom_1500833904120{margin-bottom: 0px !important;}\u00a0\u00bb custom_color=\u00a0\u00bb#ffc61a\u00a0\u00bb][vc_column_text css=\u00a0\u00bb\u00a0\u00bb]<\/p>\n<p style=\"text-align: center;\"><strong>\u00a0Mataru &#8211; 38570 THEYS<\/strong><\/p>\n<p>[\/vc_column_text][\/vc_column_inner][vc_column_inner width=\u00a0\u00bb1\/3&Prime; bg_color_select=\u00a0\u00bbgray\u00a0\u00bb css=\u00a0\u00bb.vc_custom_1500835222180{margin-right: 0px !important;margin-left: 0px !important;padding-top: 30px !important;padding-bottom: 20px !important;border-radius: 4px !important;}\u00a0\u00bb][vc_icon icon_fontawesome=\u00a0\u00bbfa fa-phone-square\u00a0\u00bb color=\u00a0\u00bbcustom\u00a0\u00bb size=\u00a0\u00bblg\u00a0\u00bb align=\u00a0\u00bbcenter\u00a0\u00bb css=\u00a0\u00bb.vc_custom_1500834576675{margin-bottom: 10px !important;}\u00a0\u00bb custom_color=\u00a0\u00bb#ffc61a\u00a0\u00bb][vc_column_text css=\u00a0\u00bb\u00a0\u00bb]<\/p>\n<p style=\"text-align: center;\"><strong>Tel\/fax : 04 76 71 06 40<\/strong><\/p>\n<p style=\"text-align: center;\"><strong>Mobile : 06 74 94 10 61<\/strong><\/p>\n<p>[\/vc_column_text][\/vc_column_inner][vc_column_inner width=\u00a0\u00bb1\/3&Prime; bg_color_select=\u00a0\u00bbgray\u00a0\u00bb css=\u00a0\u00bb.vc_custom_1500835226344{padding-top: 30px !important;padding-bottom: 20px !important;border-radius: 4px !important;}\u00a0\u00bb][vc_icon icon_fontawesome=\u00a0\u00bbfa fa-envelope\u00a0\u00bb color=\u00a0\u00bbcustom\u00a0\u00bb size=\u00a0\u00bblg\u00a0\u00bb align=\u00a0\u00bbcenter\u00a0\u00bb css=\u00a0\u00bb.vc_custom_1500834582341{margin-bottom: 10px !important;}\u00a0\u00bb custom_color=\u00a0\u00bb#ffc61a\u00a0\u00bb][vc_column_text css=\u00a0\u00bb\u00a0\u00bb]<\/p>\n<p style=\"text-align: center;\"><strong><a href=\"mailto:info@taxiles7laux.com\">info@taxiles7laux.com<\/a><\/strong><\/p>\n<p>[\/vc_column_text][\/vc_column_inner][\/vc_row_inner][vc_empty_space height=\u00a0\u00bb20px\u00a0\u00bb][vc_row_inner][vc_column_inner][vc_column_text css=\u00a0\u00bb.vc_custom_1500760931508{margin-bottom: 10px !important;padding-bottom: 0px !important;}\u00a0\u00bb]<\/p>\n<p style=\"text-align: center;\"><strong>Social:<\/strong><\/p>\n<p>[\/vc_column_text][\/vc_column_inner][\/vc_row_inner]<div class=\"align-center\"><ul class=\"social-big\"><li><a href=\"#\" class=\"fa fa-facebook\"><\/a><\/li><li><a href=\"#\" class=\"fa fa-twitter\"><\/a><\/li><li><a href=\"#\" class=\"fa fa-youtube\"><\/a><\/li><li><a href=\"#\" class=\"fa fa-instagram\"><\/a><\/li><\/ul><\/div>[vc_empty_space height=\u00a0\u00bb10px\u00a0\u00bb][vc_column_text css=\u00a0\u00bb\u00a0\u00bb]<\/p>\n<p style=\"text-align: center;\">R\u00e9servations par Email suivi de confirmation ou par t\u00e9l\u00e9phone.<br \/>\nPour un devis ou une r\u00e9servation de taxi par E-mail<\/p>\n<p style=\"text-align: center;\">Contactez nous via le formulaire ci-dessous<\/p>\n<p>[\/vc_column_text][\/vc_column][\/vc_row][vc_row][vc_column width=\u00a0\u00bb1\/6&Prime; bg_color=\u00a0\u00bbgray\u00a0\u00bb][\/vc_column][vc_column width=\u00a0\u00bb2\/3&Prime;]\n<div class=\"wpcf7 no-js\" id=\"wpcf7-f326-o1\" lang=\"en-US\" dir=\"ltr\" data-wpcf7-id=\"326\">\n<div class=\"screen-reader-response\"><p role=\"status\" aria-live=\"polite\" aria-atomic=\"true\"><\/p> <ul><\/ul><\/div>\n<form action=\"\/index.php?rest_route=%2Fwp%2Fv2%2Fpages%2F701#wpcf7-f326-o1\" method=\"post\" class=\"wpcf7-form init\" aria-label=\"Contact form\" novalidate=\"novalidate\" data-status=\"init\">\n<div style=\"display: none;\">\n<input type=\"hidden\" name=\"_wpcf7\" value=\"326\" \/>\n<input type=\"hidden\" name=\"_wpcf7_version\" value=\"6.0.6\" \/>\n<input type=\"hidden\" name=\"_wpcf7_locale\" value=\"en_US\" \/>\n<input type=\"hidden\" name=\"_wpcf7_unit_tag\" value=\"wpcf7-f326-o1\" \/>\n<input type=\"hidden\" name=\"_wpcf7_container_post\" value=\"0\" \/>\n<input type=\"hidden\" name=\"_wpcf7_posted_data_hash\" value=\"\" \/>\n<\/div>\n<div class=\"menu-types\"><a href=\"#\" data-value=\"Standart\" class=\"car-select-0  active\">Standart<\/a><a href=\"#\" data-value=\"Business\" class=\"car-select-1 \">Business<\/a><a href=\"#\" data-value=\"VIP\" class=\"car-select-2 red\">VIP<\/a><a href=\"#\" data-value=\"Bus-Minivan\" class=\"car-select-3 \">Bus-Minivan<\/a><input type=\"hidden\" class=\"type-value\" value=\"Standart\" name=\"carselect\"><\/div>\n<div class=\"row\">\n\t<div class=\"col-md-6\">\n\t\t<p><label><span class=\"wpcf7-form-control-wrap\" data-name=\"address\"><input size=\"40\" maxlength=\"400\" class=\"wpcf7-form-control wpcf7-text wpcf7-validates-as-required\" aria-required=\"true\" aria-invalid=\"false\" placeholder=\"De...\" value=\"\" type=\"text\" name=\"address\" \/><\/span><\/label>\n\t\t<\/p>\n\t<\/div>\n\t<div class=\"col-md-6\">\n\t\t<p><label><span class=\"wpcf7-form-control-wrap\" data-name=\"to\"><input size=\"40\" maxlength=\"400\" class=\"wpcf7-form-control wpcf7-text wpcf7-validates-as-required\" aria-required=\"true\" aria-invalid=\"false\" placeholder=\"A...\" value=\"\" type=\"text\" name=\"to\" \/><\/span> <\/label>\n\t\t<\/p>\n\t<\/div>\n\t<div class=\"col-md-6\">\n\t\t<p><label><span class=\"wpcf7-form-control-wrap\" data-name=\"phone\"><input size=\"40\" maxlength=\"400\" class=\"wpcf7-form-control wpcf7-text wpcf7-validates-as-required\" aria-required=\"true\" aria-invalid=\"false\" placeholder=\"N\u00b0Tel\" value=\"\" type=\"text\" name=\"phone\" \/><\/span><\/label>\n\t\t<\/p>\n\t<\/div>\n\t<div class=\"col-md-6\">\n\t\t<p><label> <span class=\"wpcf7-form-control-wrap\" data-name=\"date\"><input size=\"40\" maxlength=\"400\" class=\"wpcf7-form-control wpcf7-text wpcf7-validates-as-required\" aria-required=\"true\" aria-invalid=\"false\" placeholder=\"Date et heure\" value=\"\" type=\"text\" name=\"date\" \/><\/span> <\/label>\n\t\t<\/p>\n\t<\/div>\n\t<div class=\"col-md-6\">\n\t\t<p><label> <span class=\"wpcf7-form-control-wrap\" data-name=\"nbp\"><input size=\"40\" maxlength=\"400\" class=\"wpcf7-form-control wpcf7-text wpcf7-validates-as-required\" aria-required=\"true\" aria-invalid=\"false\" placeholder=\"Nbre de Personne(s)\" value=\"\" type=\"text\" name=\"nbp\" \/><\/span> <\/label>\n\t\t<\/p>\n\t<\/div>\n\t<div class=\"col-md-6\">\n\t\t<p><label><span class=\"wpcf7-form-control-wrap\" data-name=\"email-103\"><input size=\"40\" maxlength=\"400\" class=\"wpcf7-form-control wpcf7-email wpcf7-validates-as-required wpcf7-text wpcf7-validates-as-email\" aria-required=\"true\" aria-invalid=\"false\" placeholder=\"votre email\" value=\"\" type=\"email\" name=\"email-103\" \/><\/span><\/label>\n\t\t<\/p>\n\t<\/div>\n<\/div>\n<p><input class=\"wpcf7-form-control wpcf7-submit has-spinner\" type=\"submit\" value=\"R\u00e9servez un Taxi\" \/>\n<\/p><div class=\"wpcf7-response-output\" aria-hidden=\"true\"><\/div>\n<\/form>\n<\/div>\n[\/vc_column][vc_column width=\u00a0\u00bb1\/6&Prime;][\/vc_column][\/vc_row][vc_row full_width=\u00a0\u00bbstretch_row_content_no_spaces\u00a0\u00bb content_placement=\u00a0\u00bbmiddle\u00a0\u00bb][vc_column width=\u00a0\u00bb1\/6&Prime;][vc_empty_space height=\u00a0\u00bb80px\u00a0\u00bb][\/vc_column][vc_column width=\u00a0\u00bb2\/3&Prime;]<div  id=\"like_sc_google_maps_104852629\" class=\"like-google-maps\" data-style=\"yellow\" data-lng=\"5.9931182\" data-lat=\"45.2556682\" data-zoom=\"11\" style=\"width: 100%; height: 750px;\"><\/div>[\/vc_column][vc_column width=\u00a0\u00bb1\/6&Prime;][vc_empty_space height=\u00a0\u00bb80px\u00a0\u00bb][\/vc_column][\/vc_row]<\/p>\n<\/div>","protected":false},"excerpt":{"rendered":"<p>[vc_row gap=\u00a0\u00bb15&Prime; equal_height=\u00a0\u00bbyes\u00a0\u00bb][vc_column][vc_empty_space height=\u00a0\u00bb64px\u00a0\u00bb][vc_row_inner equal_height=\u00a0\u00bbyes\u00a0\u00bb gap=\u00a0\u00bb30&Prime;][vc_column_inner width=\u00a0\u00bb1\/3&Prime; bg_color_select=\u00a0\u00bbgray\u00a0\u00bb css=\u00a0\u00bb.vc_custom_1500835217408{margin-right: 0px !important;margin-left: 0px !important;padding-top: 30px !important;padding-bottom: 20px !important;border-radius: 4px !important;}\u00a0\u00bb][vc_icon icon_fontawesome=\u00a0\u00bbfa fa-location-arrow\u00a0\u00bb color=\u00a0\u00bbcustom\u00a0\u00bb size=\u00a0\u00bblg\u00a0\u00bb align=\u00a0\u00bbcenter\u00a0\u00bb css=\u00a0\u00bb.vc_custom_1500833904120{margin-bottom: 0px !important;}\u00a0\u00bb custom_color=\u00a0\u00bb#ffc61a\u00a0\u00bb][vc_column_text css=\u00a0\u00bb\u00a0\u00bb] \u00a0Mataru &#8211; 38570 THEYS [\/vc_column_text][\/vc_column_inner][vc_column_inner width=\u00a0\u00bb1\/3&Prime; bg_color_select=\u00a0\u00bbgray\u00a0\u00bb css=\u00a0\u00bb.vc_custom_1500835222180{margin-right: 0px !important;margin-left: 0px !important;padding-top: 30px !important;padding-bottom: 20px !important;border-radius: 4px !important;}\u00a0\u00bb][vc_icon icon_fontawesome=\u00a0\u00bbfa fa-phone-square\u00a0\u00bb color=\u00a0\u00bbcustom\u00a0\u00bb size=\u00a0\u00bblg\u00a0\u00bb align=\u00a0\u00bbcenter\u00a0\u00bb css=\u00a0\u00bb.vc_custom_1500834576675{margin-bottom: 10px !important;}\u00a0\u00bb [&hellip;]<\/p>\n","protected":false},"author":1,"featured_media":0,"parent":0,"menu_order":0,"comment_status":"closed","ping_status":"closed","template":"","meta":{"footnotes":""},"class_list":["post-701","page","type-page","status-publish","hentry"],"_links":{"self":[{"href":"https:\/\/www.taxiles7laux.com\/index.php?rest_route=\/wp\/v2\/pages\/701","targetHints":{"allow":["GET"]}}],"collection":[{"href":"https:\/\/www.taxiles7laux.com\/index.php?rest_route=\/wp\/v2\/pages"}],"about":[{"href":"https:\/\/www.taxiles7laux.com\/index.php?rest_route=\/wp\/v2\/types\/page"}],"author":[{"embeddable":true,"href":"https:\/\/www.taxiles7laux.com\/index.php?rest_route=\/wp\/v2\/users\/1"}],"replies":[{"embeddable":true,"href":"https:\/\/www.taxiles7laux.com\/index.php?rest_route=%2Fwp%2Fv2%2Fcomments&post=701"}],"version-history":[{"count":6,"href":"https:\/\/www.taxiles7laux.com\/index.php?rest_route=\/wp\/v2\/pages\/701\/revisions"}],"predecessor-version":[{"id":937,"href":"https:\/\/www.taxiles7laux.com\/index.php?rest_route=\/wp\/v2\/pages\/701\/revisions\/937"}],"wp:attachment":[{"href":"https:\/\/www.taxiles7laux.com\/index.php?rest_route=%2Fwp%2Fv2%2Fmedia&parent=701"}],"curies":[{"name":"wp","href":"https:\/\/api.w.org\/{rel}","templated":true}]}}